{"id":20,"date":"2011-12-28T19:53:51","date_gmt":"2011-12-28T18:53:51","guid":{"rendered":"http:\/\/www.hypnotische-verkaufstexte.de\/?page_id=20"},"modified":"2023-01-30T18:24:07","modified_gmt":"2023-01-30T17:24:07","slug":"impressum","status":"publish","type":"page","link":"https:\/\/www.hypnotische-verkaufstexte.de\/?page_id=20","title":{"rendered":"Impressum"},"content":{"rendered":"<p>Bernfried Opala Verkaufstexter<\/p>\n<p>\u00dcber dem Aubach 18<\/p>\n<p>56566 Neuwied<\/p>\n<p>Tel: 049 (0) 2631 \/ 862187<\/p>\n<p>Mobil: 049 (0) 171 \/ 4985173<\/p>\n<p>opala(at)werbetexte.org<\/p>\n<p>USt.-Id. Nr.: DE 160 624 514<\/p>\n<p>Alle Zahlen, Daten und Fakten wurden mit Sorgfalt recherchiert. Dennoch kann ich keine Haftung f\u00fchrt die Richtigkeit des Textes \u00fcbernehmen. Weiterhin bin ich nicht f\u00fcr Inhalte fremder Seiten verantwortlich, die \u00fcber einen Link erreicht werden.<\/p>\n<p>&nbsp;<\/p>\n<p>&nbsp;<\/p>\n<p>&nbsp;<\/p>\n","protected":false},"excerpt":{"rendered":"<p>Bernfried Opala Verkaufstexter \u00dcber dem Aubach 18 56566 Neuwied Tel: 049 (0) 2631 \/ 862187 Mobil: 049 (0) 171 \/ 4985173 opala(at)werbetexte.org USt.-Id. Nr.: DE 160 624 514 Alle Zahlen, Daten und Fakten wurden mit Sorgfalt recherchiert. Dennoch kann ich keine Haftung f\u00fchrt die Richtigkeit des Textes \u00fcbernehmen. Weiterhin bin ich nicht f\u00fcr Inhalte fremder [&hellip;]<\/p>\n","protected":false},"author":1,"featured_media":0,"parent":0,"menu_order":2,"comment_status":"open","ping_status":"open","template":"","meta":{"footnotes":""},"class_list":["post-20","page","type-page","status-publish","hentry"],"_links":{"self":[{"href":"https:\/\/www.hypnotische-verkaufstexte.de\/index.php?rest_route=\/wp\/v2\/pages\/20","targetHints":{"allow":["GET"]}}],"collection":[{"href":"https:\/\/www.hypnotische-verkaufstexte.de\/index.php?rest_route=\/wp\/v2\/pages"}],"about":[{"href":"https:\/\/www.hypnotische-verkaufstexte.de\/index.php?rest_route=\/wp\/v2\/types\/page"}],"author":[{"embeddable":true,"href":"https:\/\/www.hypnotische-verkaufstexte.de\/index.php?rest_route=\/wp\/v2\/users\/1"}],"replies":[{"embeddable":true,"href":"https:\/\/www.hypnotische-verkaufstexte.de\/index.php?rest_route=%2Fwp%2Fv2%2Fcomments&post=20"}],"version-history":[{"count":22,"href":"https:\/\/www.hypnotische-verkaufstexte.de\/index.php?rest_route=\/wp\/v2\/pages\/20\/revisions"}],"predecessor-version":[{"id":335,"href":"https:\/\/www.hypnotische-verkaufstexte.de\/index.php?rest_route=\/wp\/v2\/pages\/20\/revisions\/335"}],"wp:attachment":[{"href":"https:\/\/www.hypnotische-verkaufstexte.de\/index.php?rest_route=%2Fwp%2Fv2%2Fmedia&parent=20"}],"curies":[{"name":"wp","href":"https:\/\/api.w.org\/{rel}","templated":true}]}}