{"id":299,"date":"2018-05-16T21:23:55","date_gmt":"2018-05-16T20:23:55","guid":{"rendered":"http:\/\/www.hypnotische-verkaufstexte.de\/?page_id=299"},"modified":"2023-01-30T18:24:36","modified_gmt":"2023-01-30T17:24:36","slug":"datenschutz","status":"publish","type":"page","link":"https:\/\/www.hypnotische-verkaufstexte.de\/?page_id=299","title":{"rendered":"Datenschutz"},"content":{"rendered":"<p>Verantwortlich f\u00fcr den Inhalt nach \u00a7 55 Abs. 2 RStV:<\/p>\n<div class=\"n module-type-text diyfeLiveArea \">\n<p>Bernfried Opala<br \/>\n\u00dcber dem Aubach<br \/>\n56566 Neuwied<\/p>\n<p>Kontakt:<br \/>\nTelefon: <span class=\"diy-visible-on-nontouch\">+49 02631 862187<\/span><br \/>\nE-Mail: opala(at)werbetexte.org<\/p>\n<\/div>\n<div class=\"n module-type-text diyfeLiveArea \">\n<p>Umsatzsteuer-Identifikationsnummer: DE 160 624 514<\/p>\n<p><strong>Datenschutzerkl\u00e4rung:<\/strong><\/p>\n<p><a href=\"http:\/\/www.hypnotische-verkaufstexte.de\/\">http:\/\/www.hypnotische-verkaufstexte.de<\/a><\/p>\n<p>&nbsp;<\/p>\n<p>Bernfried Opala<\/p>\n<p>e-mail: opala (at) werbetexte.org<\/p>\n<p>Tel.: +49 (0) 2631 862187<\/p>\n<p>Handy: +49 (0) 171 4985173<\/p>\n<p>&nbsp;<\/p>\n<p>Ich nehme den Schutz Ihrer pers\u00f6nlichen Daten sehr ernst. Ich behandele Ihre personenbezogenen Daten vertraulich und entsprechend den gesetzlichen Datenschutzvorschriften sowie dieser Datenschutzerkl\u00e4rung.<\/p>\n<p>&nbsp;<\/p>\n<p>Die Nutzung meiner Webseite ist in der Regel ohne Angabe personenbezogener Daten m\u00f6glich.<\/p>\n<p>&nbsp;<\/p>\n<p>Ich verwende auf meiner Seite\u00a0<a href=\"http:\/\/www.hypnotische-verkaufstexte.de\/\">http:\/\/www.hypnotische-verkaufstexte.de\u00a0<\/a>kein Google Analytics. Ich betreibe kein Profiling und verfolge auch nicht Ihre Aktivit\u00e4ten. Sie bekommen von mir keine Werbung. Auf meiner Seite wird auch kein Newsletter-Versand angeboten.<\/p>\n<p>&nbsp;<\/p>\n<p><a href=\"http:\/\/www.hypnotische-verkaufstexte.de\/\">http:\/\/www.hypnotische-verkaufstexte.de<\/a>ist daf\u00fcr gedacht, dass Sie \u00fcber meine Dienstleistung informiert werden und mit mir Kontakt aufnehmen k\u00f6nnen,\u00a0per Telefon, Fax oder \u00fcber das Kontaktformular.<\/p>\n<p>&nbsp;<\/p>\n<p><strong>Kontaktformular:<\/strong><\/p>\n<p>Wenn Sie mir per Kontaktformular eine Anfrage senden, werden Ihre Angaben aus dem Formular inklusive der von Ihnen dort angegebenen Kontaktdaten zwecks Bearbeitung der Anfrage und f\u00fcr den Fall von Anschlussfragen bei mir gespeichert. Diese Daten gebe ich nicht ohne Ihre Einwilligung weiter.<\/p>\n<p>&nbsp;<\/p>\n<p>Das Formular besteht aus drei Feldern.<\/p>\n<p>Das Feld f\u00fcr die E-Mail-Adresse, das Feld mit der Betreffzeile und das Feld, in das Sie Ihr Anliegen formulieren.<\/p>\n<p>&nbsp;<\/p>\n<p>Rechtsgrundlage:<\/p>\n<p>Einwilligung nach Art. 6 Absatz 1 lit. A DSGVO<\/p>\n<p>Berechtigtes Interesse nach Art. 6 Abs. 1 lit. F DSGVO<\/p>\n<p>&nbsp;<\/p>\n<p>L\u00f6schungsfristen:<\/p>\n<p>Kunden- und Angebotsanfragen \u00fcber das Kontaktformular sowie \u00fcber Fax werden nach 3 Monaten gel\u00f6scht, wenn mein Dienstleistungs-Angebot bis dahin nicht in Anspruch genommen wurde.<\/p>\n<p>Das gleiche gilt f\u00fcr Notizen, die ich mir beim telefonischen Kontakt gemacht habe.<\/p>\n<p>&nbsp;<\/p>\n<p><strong>Kommt eine Zusammenarbeit zustande:<\/strong><\/p>\n<p>Ihre Rechte:<\/p>\n<p>Ich treffe Ma\u00dfnahmen, die Ihre Rechte und Freiheiten, sowie Ihre berechtigten Interessen wahren.\u00a0Art.22 Absatz 3 DSGVO<\/p>\n<p>&nbsp;<\/p>\n<p>Sie haben das Recht auf Auskunft \u00fcber Ihre personenbezogenen Daten. Art.15 DSGVO<\/p>\n<p>&nbsp;<\/p>\n<p>Sie haben das Recht<span class=\"apple-converted-space\">\u00a0<\/span>auf unverz\u00fcgliche Berichtigung Ihrer Daten, falls es sich um unrichtige personenbezogene Daten handelt. Art.16 DSGVO<\/p>\n<p>&nbsp;<\/p>\n<p>Daten\u00fcbertragbarkeit:<\/p>\n<p>Sie haben das Recht, die Sie betreffenden personenbezogenen Daten, die ich von Ihnen erhalten habe, in einem strukturierten, l\u00fcckenlosen und maschinenlesbaren Format, zu bekommen. Art.20 DSGVO<\/p>\n<p>Und Sie haben das Recht, diese Daten einem anderen Vernatwortlichen zu \u00fcbermittel, sofern die Verarbeitung auf einer Einwilligung gem\u00e4\u00df\u00a0<a href=\"https:\/\/dsgvo-gesetz.de\/art-6-dsgvo\/\">Artikel 6<\/a>\u00a0Absatz 1 Buchstabe a DSGVO oder\u00a0<a href=\"https:\/\/dsgvo-gesetz.de\/art-9-dsgvo\/\">Artikel 9<\/a>\u00a0Absatz 2 Buchstabe a DSGVO oder auf einem Vertrag gem\u00e4\u00df\u00a0<a href=\"https:\/\/dsgvo-gesetz.de\/art-6-dsgvo\/\">Artikel 6<\/a>\u00a0Absatz 1 Buchstabe b DSGVO beruht und die Verarbeitung mithilfe automatisierter Verfahren erfolgt.<\/p>\n<p>&nbsp;<\/p>\n<p>Sie haben das Recht auf Einschr\u00e4nkung der Verarbeitung Ihrer Daten. Art. 18 DSGVO<\/p>\n<p>&nbsp;<\/p>\n<p>Sie haben das Recht auf L\u00f6schung. Art. 17 DSGVO<\/p>\n<p>&nbsp;<\/p>\n<p>Sie haben das Recht auf Widerruf einer Einwilligung. Art. 7 Abs. 3 DSGVO<\/p>\n<p>&nbsp;<\/p>\n<p>Sie haben das Recht auf Widerspruch. Art 21 DSGVO<\/p>\n<p>&nbsp;<\/p>\n<p>Aufbewahrungsfrist:<\/p>\n<p>10 Jahre bei Rechnungen<\/p>\n<p>&nbsp;<\/p>\n<p><strong>Zus\u00e4tzliche Angaben:<\/strong><\/p>\n<p>Kommt eine Zusammenarbeit zwischen Ihnen und mir zustande, k\u00f6nnen wir eine schriftliche Vertraulichkeitserkl\u00e4rung (NDA \u2013 Non Disclosure Agreement) abschlie\u00dfen.<\/p>\n<p>&nbsp;<\/p>\n<p>Sollte ich einen weiteren Mitarbeiter oder mehrere Mitarbeiter zum Erledigen Ihres Auftrages hinzuziehen, dann geschieht dies mit dem Gegenzeichnen einer Vertraulichkeitserkl\u00e4rung und sie werden zum Befolgen der Privacy by Design \/ Privacy Default verpflichtet.<\/p>\n<p>&nbsp;<\/p>\n<p>Ich \u00fcberwache regelm\u00e4\u00dfig, ob die Datenschutzprozesse in meiner Firma den gesetzlichen Anforderungen entsprechen.<\/p>\n<p>&nbsp;<\/p>\n<p>Ich weise darauf hin, dass die Daten\u00fcbertragung im Internet (z.B. bei der Kommunikation per E-Mail) Sicherheitsl\u00fccken aufweisen kann. Ein l\u00fcckenloser Schutz der Daten vor dem Zugriff durch Dritte ist nicht m\u00f6glich.<\/p>\n<p>&nbsp;<\/p>\n<\/div>\n<p>&nbsp;<\/p>\n","protected":false},"excerpt":{"rendered":"<p>Verantwortlich f\u00fcr den Inhalt nach \u00a7 55 Abs. 2 RStV: Bernfried Opala \u00dcber dem Aubach 56566 Neuwied Kontakt: Telefon: +49 02631 862187 E-Mail: opala(at)werbetexte.org Umsatzsteuer-Identifikationsnummer: DE 160 624 514 Datenschutzerkl\u00e4rung: http:\/\/www.hypnotische-verkaufstexte.de &nbsp; Bernfried Opala e-mail: opala (at) werbetexte.org Tel.: +49 (0) 2631 862187 Handy: +49 (0) 171 4985173 &nbsp; Ich nehme den Schutz Ihrer pers\u00f6nlichen [&hellip;]<\/p>\n","protected":false},"author":1,"featured_media":0,"parent":0,"menu_order":0,"comment_status":"closed","ping_status":"closed","template":"","meta":{"footnotes":""},"class_list":["post-299","page","type-page","status-publish","hentry"],"_links":{"self":[{"href":"https:\/\/www.hypnotische-verkaufstexte.de\/index.php?rest_route=\/wp\/v2\/pages\/299","targetHints":{"allow":["GET"]}}],"collection":[{"href":"https:\/\/www.hypnotische-verkaufstexte.de\/index.php?rest_route=\/wp\/v2\/pages"}],"about":[{"href":"https:\/\/www.hypnotische-verkaufstexte.de\/index.php?rest_route=\/wp\/v2\/types\/page"}],"author":[{"embeddable":true,"href":"https:\/\/www.hypnotische-verkaufstexte.de\/index.php?rest_route=\/wp\/v2\/users\/1"}],"replies":[{"embeddable":true,"href":"https:\/\/www.hypnotische-verkaufstexte.de\/index.php?rest_route=%2Fwp%2Fv2%2Fcomments&post=299"}],"version-history":[{"count":7,"href":"https:\/\/www.hypnotische-verkaufstexte.de\/index.php?rest_route=\/wp\/v2\/pages\/299\/revisions"}],"predecessor-version":[{"id":336,"href":"https:\/\/www.hypnotische-verkaufstexte.de\/index.php?rest_route=\/wp\/v2\/pages\/299\/revisions\/336"}],"wp:attachment":[{"href":"https:\/\/www.hypnotische-verkaufstexte.de\/index.php?rest_route=%2Fwp%2Fv2%2Fmedia&parent=299"}],"curies":[{"name":"wp","href":"https:\/\/api.w.org\/{rel}","templated":true}]}}