{"id":7,"date":"2011-09-17T18:06:57","date_gmt":"2011-09-17T16:06:57","guid":{"rendered":"http:\/\/www.hypnotische-verkaufstexte.de\/?page_id=7"},"modified":"2026-03-04T19:28:42","modified_gmt":"2026-03-04T18:28:42","slug":"start","status":"publish","type":"page","link":"https:\/\/www.hypnotische-verkaufstexte.de\/","title":{"rendered":"Das Geheimnis"},"content":{"rendered":"<h5 style=\"text-align: left;\"><\/h5>\n<p>Bernfried Opala Human-Copywriting seit 2003<\/p>\n<h1 style=\"text-align: center;\">&#8222;Das Geheimnis von Human-Copywriting in hypnotischen Verkaufstexten&#8220;<\/h1>\n<p>&nbsp;<\/p>\n<h3 style=\"text-align: center;\"><strong>47 Jahre vor unserer Zeitrechnung: <\/strong><\/h3>\n<h3 style=\"text-align: center;\"><strong>Julius C\u00e4sar siegte \u00fcber Pharnakes II. von Pontus bei der Schlacht bei Zela.<\/strong><\/h3>\n<h3 style=\"text-align: center;\"><strong>Er schrieb v\u00f6llig begeistert an seinen Freund Amintus: <\/strong><\/h3>\n<h3 style=\"text-align: center;\"><strong>Veni, vidi, vici (lat.): \u201eIch kam, ich sah, ich siegte\u201c.<\/strong><\/h3>\n<p><strong>\u00a0<\/strong><\/p>\n<h1 style=\"text-align: center;\"><strong>\u201eHaben Ihre Verkaufstexte auch schon die Durchschlagskraft eines Gladius?\u201c<\/strong><\/h1>\n<p>&nbsp;<\/p>\n<h5>Wenn ja, dann kennen Sie bereits die Geheimnisse von hypnotischen Verkaufstexten.<\/h5>\n<h5>Dann wissen Sie auch wie es ist, wenn Sie Endorphin geschw\u00e4ngert am Liebsten die ganze Welt umarmen wollen und ausrufen: Veni, vidi, vici.<\/h5>\n<h5>Weil Ihnen dann bereits klar ist, Sie haben langfristig die Nase vorn.<\/h5>\n<h5>Doch wenn Sie dieses \u201eIch k\u00f6nnte B\u00e4ume ausrei\u00dfen Gef\u00fchl\u201c bislang bei Ihren Verkaufstexten vermissen, dann nehmen Sie die folgenden Tipps&#8230;<\/h5>\n<h5>&#8230;und ab sofort zaubern Sie aus Ihren normalen Texten hypnotische Verkaufstexte.<\/h5>\n<h5>Denn nur solche bringen Sie wirklich nach vorne.<\/h5>\n<h5>Machen wir uns doch nichts\u00a0 vor, Ihre Mitbewerber weichen freiwillig keinen Millimeter zur Seite. Ganz im Gegenteil, sie s\u00e4gen an Ihrem Stuhl und wollen Sie aus dem Rennen kicken.<\/h5>\n<h5>Auch dann, wenn sie sich gegen\u00fcber Ihnen professionell h\u00f6flich geben.<\/h5>\n<h5>Und auch das ist klar, der Markt wird immer belebter&#8230; Die n\u00e4chsten Generationen der Internetmarketer ziehen nach&#8230;es werden immer mehr.<\/h5>\n<h5>Diesen Kampf gewinnen Sie mit den richtigen Worten.<\/h5>\n<h5>Zuerst die richtigen Worte und dann folgt Traffic.<\/h5>\n<h5>Nicht umbekehrt, denn um Traffic zu erzeugen, m\u00fcssen Sie die \u00a0interessierten Leser erst einmal bewegen, also Emotionen erzeugen.<\/h5>\n<h5>Und das schaffen Sie nicht mit einem leeren Blatt Papier \u00a0oder Bildschirm und auch nicht mit einer wei\u00dfen Leinwand.<\/h5>\n<h5>Das schaffen Sie nur mit Inhalt getreu dem Spruch: &#8222;Content is King&#8220;.<\/h5>\n<h5>Hier steht nicht &#8222;Traffic is King&#8220;. Traffic ist lediglich die logische Folge von nutzenwertem Content.<\/h5>\n<h5>Also, finden Sie heraus, welche Emotionen Ihre Zielgruppe bewegen, \u00a0Sprechen Sie das Unterbewusstsein an und liefern Sie Inhalte, die Ihre Leser verzaubern .<\/h5>\n<p>&nbsp;<\/p>\n<ul>\n<li>\n<h5><strong>Nur so bestehen Sie im knallharten Wettbewerb \u2013 dauerhaft.<\/strong><\/h5>\n<\/li>\n<li>\n<h5><strong>Nur so erreichen Sie Ihre Marketingziele.<\/strong><\/h5>\n<\/li>\n<li>\n<h5><strong>Nur so bewegen Sie Ihre Zielgruppe, bei Ihnen zu kaufen und nicht bei den Mitbewerbern.<\/strong><\/h5>\n<\/li>\n<li>\n<h5><strong>Nur so \u00fcberzeugen Sie die unerm\u00fcdlichen Suchrobots, damit Sie im Internet gefunden werden.<\/strong><\/h5>\n<\/li>\n<li>\n<h5><strong>Nur so setzen Sie sich durch und erobern Marktanteile.<\/strong><\/h5>\n<\/li>\n<\/ul>\n<p>&nbsp;<\/p>\n<h5>Desto wichtiger ist es f\u00fcr Sie, die Technik von hypnotischen Verkaufstexten zu beherrschen. Diese Verkaufstexte m\u00fcssen den Kampf im Markt gewinnen und Schnitthaltigkeit beweisen, so wie der r\u00f6mische Gladius.<\/h5>\n<p>&nbsp;<\/p>\n<h2 style=\"text-align: center;\"><div class='et-box et-shadow'>\n\t\t\t\t\t<div class='et-box-content'><strong> Kurz: Der Gladius war das r\u00f6mische Kurzschwert.<\/strong><\/div><\/div><\/h2>\n<p>&nbsp;<\/p>\n<h5>Er wurde hergestellt aus Ferrum noricum.<\/h5>\n<h5>Einem Stahl, der sich durch besondere H\u00e4rte und Schnitthaltigkeit auszeichnete und zeitgen\u00f6ssischen Schwertern weit \u00fcberlegen war.<\/h5>\n<h5>Verkaufsstarke Texte erreichen die Gef\u00fchlsebene Ihrer potenziellen Kunden.<\/h5>\n<h5>Und wenn Sie das erreichen, kleben Ihre Leser Ihnen f\u00f6rmlich an den Lippen.<\/h5>\n<h5>Sie k\u00f6nnen es gar nicht erwarten, Ihren n\u00e4chsten Newsletter zu lesen und auf Ihrer Verkaufsseite den Bestellbutton zu dr\u00fccken. Sie f\u00fchlen sich zu Ihnen hingezogen und sie vertrauen Ihnen, weil Ihre Kommunikation auf ehrliche Weise geschieht. Und das sp\u00fcren Ihre Leser, Kunden, potenzielle Kunden und Interessenten.<\/h5>\n<h5>Die folgenden Tipps sollen Ihnen helfen, direkt hypnotische Verkaufstexte zu schreiben.<\/h5>\n<h5>Zuvor bedenken Sie bitte, \u00a0wenn Sie einen hervorragenden Text geschrieben haben und Ihr Text dennoch nicht konvertiert, dann kann dies unterschiedliche Gr\u00fcnde haben.<\/h5>\n<p>&nbsp;<\/p>\n<ul>\n<li>\n<h5><strong>Sie haben die falsche Zielgruppe angeschrieben.<\/strong><\/h5>\n<\/li>\n<li>\n<h5><strong>Ihr Produkt ist nicht marktreif.<\/strong><\/h5>\n<\/li>\n<li>\n<h5><strong>Es gibt keinen Markt f\u00fcr Ihr Produkt.<\/strong><\/h5>\n<\/li>\n<li>\n<h5><strong>Es war der falsche Zeitpunkt.<\/strong><\/h5>\n<\/li>\n<\/ul>\n<p>&nbsp;<\/p>\n<p>&nbsp;<\/p>\n<h2 style=\"text-align: center;\"><div class='et-box et-info'>\n\t\t\t\t\t<div class='et-box-content'>Nun aber zu den Tipps:<\/div><\/div><\/h2>\n<p>&nbsp;<\/p>\n<p>&nbsp;<\/p>\n<ul>\n<li>\n<h5><strong>Gehen Sie konzeptionell vor.<\/strong><\/h5>\n<\/li>\n<li>\n<h5><strong>Kriechen Sie in die K\u00f6pfe Ihrer Zielgruppe hinein<\/strong><\/h5>\n<\/li>\n<li>\n<h5><strong>Analysieren Sie die gr\u00f6\u00dften W\u00fcnsche und tiefsten \u00c4ngste<\/strong><\/h5>\n<\/li>\n<li>\n<h5><strong>Modellieren Sie das Alleinstellungsmerkmal (USP) gegen\u00fcber den Mitbewerbern \u2028eindeutig heraus<\/strong><\/h5>\n<\/li>\n<li>\n<h5><strong>Beweisen Sie Behauptungen mit Studien, Expertenmeinungen, \u2028Kundenberichten&#8230;.<\/strong><\/h5>\n<\/li>\n<li>\n<h5><strong>Schreiben Sie die Eigenschaften Ihres Produktes auf und daraus die Vorteile f\u00fcr den Kunden.<\/strong><\/h5>\n<\/li>\n<li>\n<h5><strong>Sagen Sie Ihrem Kunden glasklar, welche Vorteile er zu erwarten \u2028hat und wieso er direkt bestellen soll (Dringlichkeit erzeugen). \u2028Das gleiche gilt selbstverst\u00e4ndlich auch, wenn Sie Dienstleistungen anbieten.<\/strong><\/h5>\n<\/li>\n<li>\n<h5><strong>Bauen Sie einen Spannungsbogen auf<\/strong><\/h5>\n<\/li>\n<li>\n<h5><strong>\u00dcberzeugen Sie, indem Sie m\u00f6gliche Einw\u00e4nde im Verkaufstext kommunizieren<\/strong><\/h5>\n<\/li>\n<li>\n<h5><strong>Texten Sie eine starke Schlagzeile und den Einstieg. Sagen Sie Ihrem Kunden, was f\u00fcr Ihn drin ist, wenn er weiterliest.<\/strong><\/h5>\n<\/li>\n<\/ul>\n<p>&nbsp;<\/p>\n<p>&nbsp;<\/p>\n<h1 style=\"text-align: center;\">Wollen Sie hypnotische Verkaufstexte schreiben, dann m\u00fcssen Sie das Unterbewusstsein Ihrer Leser ber\u00fchren.<\/h1>\n<p>&nbsp;<\/p>\n<h2 style=\"text-align: center;\">Die Macht der Emotionen in Ihren Verkaufstexten<\/h2>\n<p>&nbsp;<\/p>\n<h5>Analysieren Sie Ihre Zielgruppe. Lernen Sie sie in und auswendig kennen. Finden Sie heraus, \u00a0welche W\u00fcnsche sie hat und auf welche Emotionen sie anspricht.<\/h5>\n<h5>\u00dcberlegen Sie was sie will und nicht was sie braucht oder gebrauchen k\u00f6nnte.<\/h5>\n<h5>Gef\u00fchle animieren letztendlich zum Kauf.<\/h5>\n<h5>W\u00fcrden Sie Ratio und Emotion gegeneinander antreten lassen, siegt letztendlich immer die Emotion.<\/h5>\n<h5>Aber wie finden Sie die richtigen Emotionen heraus?<\/h5>\n<h5>Das funktioniert \u00fcber die W\u00fcnsche, denn wenn Sie diese kennen, k\u00f6nnen Sie relativ einfach auf die Emotionen schlie\u00dfen.<\/h5>\n<h5>Es k\u00f6nnte zum Beispiel die <strong>Unsicherheit<\/strong> sein.<\/h5>\n<h5>Diese Emotion ist tief ist in unserer Psyche verwurzelt.<\/h5>\n<h5>Sie, ich wir alle haben Punkte oder schon Situationen erlebt, in denen wir uns unsicher f\u00fchlen.<\/h5>\n<h5>Gehen wir im Folgenden dieser Emotion etwas genauer auf den Grund.<\/h5>\n<p>&nbsp;<\/p>\n<h2 style=\"text-align: center;\"><div class='et-box et-warning'>\n\t\t\t\t\t<div class='et-box-content'>Gier nach Geld, Gier nach Macht&#8230;<\/div><\/div><\/h2>\n<p>&nbsp;<\/p>\n<h5>Manche Menschen lechzen f\u00f6rmlich nach materiellen Besitz. Meist haben sie ein geringes Selbstwertgef\u00fchl.<\/h5>\n<h5>Sie f\u00fchlen sich durch den materiellen Besitz anerkannter&#8230;einfach besser.<\/h5>\n<h5>Sie schm\u00fccken sich mit \u00a0Statussymbolen wie Luxusuhren, teure Autos, exklusive Kleidung&#8230;<\/h5>\n<h5>Ihre Unsicherheit wird mit Statussymbolen kompensiert.<\/h5>\n<p>&nbsp;<\/p>\n<h2 style=\"text-align: center;\"><div class='et-box et-info'>\n\t\t\t\t\t<div class='et-box-content'>Hier ein Tipp, der in Ihren Verkaufstexten sehr gut funktioniert.<\/div><\/div><\/h2>\n<p>&nbsp;<\/p>\n<h5>Laden Sie Ihre Interessenten zu einer exklusiven Gruppe ein.<\/h5>\n<h5>Sie f\u00fchlen sich dadurch selbstsicherer und denken, sie werden\u00a0\u00a0von den Mitmenschen besser angesehen.<\/h5>\n<h5>Und wenn wir jetzt etwas genauer hinschauen, steckt hinter der Gier nach Geld , nach Macht, nach materiellem Besitz Unsicherheit.<\/h5>\n<p>&nbsp;<\/p>\n<h2 style=\"text-align: center;\"><div class='et-box et-shadow'>\n\t\t\t\t\t<div class='et-box-content'>Schauen wir uns die Eitelkeit an.<\/div><\/div><\/h2>\n<p>&nbsp;<\/p>\n<h5>Mit der Eitelkeit werden Milliarden-Ums\u00e4tze gemacht. Denken Sie an die Fitness-, Di\u00e4t-, Gesundheits-, Kosmetikbranche.<\/h5>\n<h5>Du bist unzufrieden ?<\/h5>\n<h5>Kaufst Du dieses Produkt, dann werden Deine\u00a0 Freunde, Bekannte, Kollegen die Ver\u00e4nderung sp\u00fcren, sehen, f\u00fchlen&#8230; und Du wirst Dich sch\u00f6ner f\u00fchlen&#8230;.was auch immer.<\/h5>\n<p>&nbsp;<\/p>\n<h2 style=\"text-align: center;\"><div class='et-box et-info'>\n\t\t\t\t\t<div class='et-box-content'>Ein paar M\u00f6glichkeiten, wie Sie Ihre Zielgruppe \u00fcber die Eitelkeit ansprechen:<\/div><\/div><\/h2>\n<p>&nbsp;<\/p>\n<ul>\n<li>\n<h5><strong>Wie Sie mit der folgenden Methode die Figur eines Models bekommen.<\/strong><\/h5>\n<\/li>\n<li>\n<h5><strong>Warum Sie sich jetzt vor Komplimenten kaum noch retten k\u00f6nnen.<\/strong><\/h5>\n<\/li>\n<li>\n<h5><strong>In nur 3 Wochen zum Sixpack auf ganz nat\u00fcrliche Weise<\/strong><\/h5>\n<\/li>\n<li>\n<h5><strong>Wie Sie mit diesem Hometrainer fit wie ein Spitzensportler werden<\/strong><\/h5>\n<\/li>\n<li>\n<h5><strong>Mit dieser Gesichtsmaske schauen Sie bis zu 20 Jahre j\u00fcnger aus.<\/strong><\/h5>\n<\/li>\n<\/ul>\n<p>&nbsp;<\/p>\n<p>&nbsp;<\/p>\n<h5>Eitelkeit ist die prim\u00e4re Emotion, dazu kommt die <strong>Zuversicht<\/strong> auf eine bessere Figur, auf Komplimente, ein tolles Aussehen, etc.<\/h5>\n<h5>Tja, und wenn nach einem erfolgreichen Abnahmeprogramm 10, 15, 25 Kg Gewicht reduziert wurden, ist Ihr Kunde zu Recht stolz.<\/h5>\n<h5>Mit <strong>Stolz<\/strong> \u00a0haben wir eine weitere Emotion.<\/h5>\n<h5>Bei der Eitelkeit geht es ums Selbstbewusstsein.<\/h5>\n<h5>Fragen wir uns, wieso jemand attraktiver, j\u00fcnger, begehrenswerter werden will?<\/h5>\n<h5>Die Antwort ist: \u201eDiese Person f\u00fchlt sich unsicher. Sie braucht Hoffnung, damit sie ihre Unsicherheit \u00fcberwindet.<\/h5>\n<h5>Also verkaufen wir in unserer Werbung <strong>Hoffnung<\/strong>.<\/h5>\n<h5>Dies waren nur ein paar wenige Beispiele \u00fcber die Macht der Emotionen.<\/h5>\n<h5>Es gibt davon \u00fcber 40 unterschiedliche Emotionen.<\/h5>\n<h5>Noch kurz etwas zu der L\u00e4nge von Texten: The more you tell, the you sell (David Ogilvy).<\/h5>\n<h5>Der Markt beweist es: Lange Texte verkaufen besser, als kurze, weil es Gespr\u00e4che von Mensch zu Mensch sind &#8211; mit den entsprechenden Emotionen.<\/h5>\n<h5>Etwa so, als ob sich zwei gute Freunde unterhalten. Mit nur: \u201cHallo, hier ist ein einseitiges Anschreiben mit\u2028vierfarbigen Hochglanzprospekt. Da steht drin, wie gut meine Angebote sind. Wenn Dich was interessiert, melde Dich. Tsch\u00fcss.\u201d, glauben Sie, dass sich der Gespr\u00e4chspartner ernst genommen f\u00fchlt und kauft?<\/h5>\n<p>&nbsp;<\/p>\n<h4><\/h4>\n<h1 style=\"text-align: center;\"><div class='et-box et-bio'>\n\t\t\t\t\t<div class='et-box-content'>Hier erfahren Sie mehr: 02631 862187<\/div><\/div><\/h1>\n<p>&nbsp;<\/p>\n<h5>\u00a0Oh, bevor ich es vergesse.<\/h5>\n<h5>Ein guter Verkaufstext ist wie ein hervorragend zubereiteter Kuchen.<\/h5>\n<h5>Fehlt nur eine Zutat oder ist etwas falsch dosiert, trifft er nicht den anspruchsvollen Geschmack der Kunden.<\/h5>\n<h5>Er sieht au\u00dfen zwar aus wie ein toller Kuchen, bringt jedoch nicht den erhofften Erfolg, weil die \u201cinneren Werte\u201d nicht harmonieren.<\/h5>\n<h5>Wurden allerdings die Zutaten optimal ausgew\u00e4hlt, mit einer Brise aus dem pers\u00f6nlichen Erfahrungsschatz angereichert und mit Elementen der NLP gew\u00fcrzt, dann sagen die Kunden: \u201cDa schnappe ich doch am \u00a0Liebsten sofort zu&#8230;\u201d<\/h5>\n<h4><\/h4>\n<h5>Der Unterschied zwischen dem richtigen\u00a0Wort und dem beinahe richtigen ist derselbe\u00a0wie zwischen dem Blitz und dem\u00a0Gl\u00fchw\u00fcrmchen. (Mark Twain)<\/h5>\n<h5>In diesem Sinne bis bald<\/h5>\n<p><a href=\"http:\/\/www.hypnotische-verkaufstexte.de\/wp-content\/uploads\/2011\/09\/Unterschrift.jpg\"><img loading=\"lazy\" decoding=\"async\" class=\"size-full wp-image-50\" title=\"Unterschrift\" src=\"http:\/\/www.hypnotische-verkaufstexte.de\/wp-content\/uploads\/2011\/09\/Unterschrift.jpg\" alt=\"Bernfried Opala\" width=\"189\" height=\"87\" \/><\/a><\/p>\n<p><img loading=\"lazy\" decoding=\"async\" class=\"alignleft wp-image-333 \" src=\"http:\/\/www.hypnotische-verkaufstexte.de\/wp-content\/uploads\/2023\/01\/Verkaufstexte-Bernfried-Opala-1-300x300.jpg\" alt=\"\" width=\"181\" height=\"181\" \/><\/p>\n<p>&nbsp;<\/p>\n<h5><\/h5>\n<h5><\/h5>\n<h5><\/h5>\n<h5><\/h5>\n<h5><\/h5>\n<h5><\/h5>\n<h5><\/h5>\n<h5><\/h5>\n<h5><\/h5>\n<h5><\/h5>\n<h5><\/h5>\n<h5><\/h5>\n<h5><\/h5>\n<h5><\/h5>\n<h5><\/h5>\n<h5><\/h5>\n<h5><\/h5>\n<h5><\/h5>\n<h5><\/h5>\n<h5><\/h5>\n<h5><\/h5>\n<h5><\/h5>\n<h5><\/h5>\n<h5><\/h5>\n<h5><\/h5>\n<h5><\/h5>\n<h5><\/h5>\n<h5><\/h5>\n<h5><\/h5>\n<h5><\/h5>\n<h5><\/h5>\n<h5><\/h5>\n<h5><\/h5>\n<h5>PS:\u00a0<strong>&#8222;Testimonials: Der Beifall auf\u00a0<\/strong><strong>der\u00a0<\/strong><strong>Werbetexter-B\u00fchne,\u00a0<\/strong><strong>denn sie sagen\u00a0<\/strong><strong>etwas \u00fcber zufriedene\u00a0<\/strong><strong>Kunden aus&#8220;<\/strong><\/h5>\n<p>&nbsp;<\/p>\n<h5>Erwarten Sie jetzt bitte nicht die \u00fcblichen (Agentur) -Werbetexter Troph\u00e4ensammlung.<\/h5>\n<h5>Also eine lange Liste von\u00a0Auftraggebern und Projekten.<\/h5>\n<h5>Es gibt sie.<\/h5>\n<h5>Und sie w\u00e4chst und w\u00e4chst und w\u00e4chst, seit 2003 als\u00a0ich mich als Werbetexter \/Copywriter selbstst\u00e4ndig<\/h5>\n<h5>machte.Darunter sind Verlage, kleine und mittelst\u00e4ndische\u00a0Unternehmen und\u00a0auch Aktiengesellschaften.<\/h5>\n<h5>Ja sogar Markenf\u00fchrer und Autoren, bei denen ich als\u00a0Ghostwriter\u00a0geholfen habe und weiterhin helfe, Bestseller<\/h5>\n<h5>zu\u00a0kreieren. Mal ganz abgesehen von meinen eigenen B\u00fcchern und\u00a0Bestsellern. Nochmals: Wie<\/h5>\n<h5>in den sonst \u00fcblichen Werbetexter-Troph\u00e4en-Sammlungen, stelle ich hier nichts\u00a0zur Schau.<\/h5>\n<h5>Warum?<\/h5>\n<h5>Weil Vertrauen und Diskretion die beste Basisf\u00fcr\u00a0eine\u00a0fruchtbare Zusammenarbeit ist.<\/h5>\n<h5>Meine Auftraggebner &#8211; nat\u00fcrlich auch Sie, wennwir\u00a0zusammenkommen &#8211; verdienen\u00a0genau dasVertrauen,\u00a0dass<\/h5>\n<h5>sie auch mir entgegenbringen.<\/h5>\n<h5>Und genau das ist\u00a0eines meiner Erfolgsgeheimnisse.<\/h5>\n<h5><strong>Es geht darum, dass Sie Ihre\u00a0<\/strong><strong>Unternehmensziele\u00a0<\/strong><strong>erreichen\u00a0<\/strong><strong>und Ihren oft stressigen\u00a0<\/strong><strong>Alltag<\/strong><\/h5>\n<h5><strong>erleichtern\u00a0<\/strong><strong>&#8211; dabei\u00a0<\/strong><strong>unterst\u00fctze\u00a0<\/strong><strong>ich Sie gerne<\/strong><strong>mit\u00a0<\/strong><strong>v<\/strong><strong>erkaufsstarken\u00a0<\/strong><strong>Texten.<\/strong><\/h5>\n<h5>Verkaufstexte f\u00fcr E-Mail-Marketing, Landeseiten,\u00a0Internetauftritte, Social-Media, Video-Skripte, Makroanzeigen,<\/h5>\n<h5>Geschichten (Storytelling), Video-Skripte&#8230;<\/h5>\n<h5><\/h5>\n<h5><strong>Und auch als Marketingberater und\u00a0<\/strong><strong>Text-Coach in\u00a0<\/strong><strong>Life-Webinaren und\u00a0<\/strong><strong>Workshops\u00a0<\/strong><strong>direkt in Ihrem\u00a0<\/strong><\/h5>\n<h5><strong>Unternehmen.\u00a0<\/strong><\/h5>\n<h5>Zur\u00fcck zum Verkaufstext.<\/h5>\n<h5>Grunds\u00e4tzlich ist ein&#8230;.<strong>Verkaufstext eine\u00a0<\/strong><strong>ven\u00fcnftige\u00a0<\/strong><strong>und relativ\u00a0<\/strong><strong>geringe\u00a0<\/strong><strong>Investition<\/strong><\/h5>\n<h5><strong>in\u00a0die Zukunft des\u00a0<\/strong><strong>Unternehmens,\u00a0<\/strong><strong>Profit-Centers,&#8230; was auch immer.<\/strong><\/h5>\n<h5><\/h5>\n<h5>Es gibt Werbetexter, die versprechen Ihnen mehr\u00a0Umsatz.<\/h5>\n<h5>Umsatz ist oberfl\u00e4chlich\u00a0betrachtet v\u00f6llig in Ordnung. Ist\u00a0aber\u00a0Umsatz der\u00a0Allheil-Faktor? Nat\u00fcrlich nicht,<\/h5>\n<h5>denn &#8222;mehr Umsatz&#8220; kratzt lediglich an derOberfl\u00e4che\u00a0und\u00a0ist nur Mittel zum Zweck.<\/h5>\n<h5><\/h5>\n<h5>Was wollen Sie wirklich erreichen?<\/h5>\n<h5>Und was\u00a0wollen\u00a0Ihre Kundenerreichen?<\/h5>\n<h5>Ist es Zeit gewinnen,mehr Lebensqualit\u00e4t, Freiheit,\u00a0Freizeit&#8230; ?<\/h5>\n<h5><\/h5>\n<h5>Mit welchen Emotionen sollen Ihre Kunden zum Handeln bewegt werden? Die unge\u00fcbten Texter wissen es nicht besser.<\/h5>\n<h5>Sie versuchen sich mit der Verlustangst. F\u00fcr Profis ist die primitivste Form des Textens \u00fcberhaupt.<\/h5>\n<h5><\/h5>\n<h5><strong>Gute Verkaufstexte sind\u00a0<\/strong><strong>gespickt mit\u00a0<\/strong><strong>Emotionen, die zum\u00a0<\/strong><strong>Auftrag und zur Zielgruppe passen.<\/strong><\/h5>\n<h5><\/h5>\n<h5>Das kann sein Hoffnung, Gier, Leidenschaft,\u00a0Optimismus, Barmherzigkeit, Stolz und weitere.<\/h5>\n<h5>Denn wir Menschen sind nun mal emotionale Wesen\u00a0und wollen emotional angesprochen werden.<\/h5>\n<h5><\/h5>\n<h5>Was ich damit sagen will, meine Texte gehen\u00a0weiter und tiefer\u00a0als der Texter-Massenmarkt.<\/h5>\n<h5><\/h5>\n<h5>Deshalb sind meine Texte&#8230;<\/h5>\n<h5><strong>&#8230;wirkliche Verkaufstexte,\u00a0n\u00e4mlich\u00a0<\/strong><strong>professionelle Verkaufsgespr\u00e4che\u00a0<\/strong><strong>in\u00a0Schriftform &#8211;\u00a0<\/strong><strong>gut gef\u00fchrte Dialoge<\/strong><\/h5>\n<h5><strong>zwischen Verk\u00e4ufer und <\/strong><strong>potentiellem\u00a0Kunden.\u00a0<\/strong><\/h5>\n<h5><\/h5>\n<h5>Selbst NLP-Elemente sind drin &#8211; fein dosiert.<\/h5>\n<h5>Meist sind es 4 DIN A4 Seiten, weil sonst ein\u00a0vern\u00fcnftiges\u00a0Verkaufen\u00a0kaum m\u00f6glich\u00a0ist &#8211; es gibt nat\u00fcrlich Ausnahmen.<\/h5>\n<h5>\u00dcbrigens: Nach oben gibt es keine Grenze.<\/h5>\n<h5>Je nach\u00a0Aufgabenstellung k\u00f6nnen es auch 16 Seiten oder mehr sein.\u00a0Und es wird gelesen.\u00a0Und es\u00a0wird gekauft.<\/h5>\n<h5>Die landl\u00e4ufige Meinung, dass lange Texte nicht gelesen\u00a0werden,\u00a0ist falsch.\u00a0Lange Texte werden nur dann nicht\u00a0gelesen,<\/h5>\n<h5>wenn\u00a0sie\u00a0schlecht sind.<\/h5>\n<h5><\/h5>\n<h5>Oft werden Ihnen Verkaufstexte angeboten,\u00a0die beim\u00a0genauen hinschauen\u00a0handels\u00fcbliche Werbetexte sind und\u00a0stark an<\/h5>\n<h5>Mogelpackungen erinnern.<\/h5>\n<h5><\/h5>\n<h5>Stellen Sie sich mal vor, Sie werden in einem\u00a0schriftlichen Verkaufgespr\u00e4ch von circa 1\/4\u00a0bis<\/h5>\n<h5>1\/2 DIN A4 Seite emotionslos und mit oberfl\u00e4chlichem Blabla abgespeist.<\/h5>\n<h5><\/h5>\n<h5>Kaufen Sie?<br \/>\nWC-wohl kaum.<\/h5>\n<h5>Sicher gehen Sie und Ihre Kunden lieber dorthin,\u00a0wo\u00a0Sie gut\u00a0bedient und auch Ihre Fragen und Einw\u00e4nde offen<\/h5>\n<h5>und ehrlich\u00a0beantwortet werden \u00dcbrbrigens wird &#8222;kurz und knackig&#8220;<\/h5>\n<h5>oft\u00a0falsch verstanden.<\/h5>\n<h5><strong>Ein Verkaufstext soll so\u00a0<\/strong><strong>lang sein, wie n\u00f6tig. Nicht mehr und \u00a0<\/strong><strong>auch nicht weniger.<\/strong><\/h5>\n<h5><\/h5>\n<h5>Das k\u00f6nnen 10 Seiten\u00a0sein\u00a0oder nur sechs, vielleicht auch vier. Es kommt auf verschiedene Faktoren an.<\/h5>\n<h5>Wichtig ist, dass kein hohles Geplappere die Seiten f\u00fcllt,\u00a0dass\u00a0sich keine Bandwurms\u00e4tze durchdas Textgebilde<\/h5>\n<h5>schl\u00e4ngeln,\u00a0dass der Verkaufstext nicht mit Adjektiven\u00a0zugeballert\u00a0ist &#8211; schlie\u00dflich wollen Sie verkaufen und<\/h5>\n<h5>keine Prosa abliefern.<\/h5>\n<h5>Mehr dazu in meinem Buch:\u00a0<a href=\"https:\/\/www.amazon.de\/Was-verkaufen-Sie-eigentlich-Verkaufstexte-ebook\/dp\/B015TDA0H0\/ref=sr_1_1?s=music&amp;ie=UTF8&amp;qid=1507273671&amp;sr=8-1&amp;keywords=was+verkaufen+Sie+eigentlich\" target=\"_blank\" rel=\"noopener\">&#8222;Was verkaufen Sie eigentlich?<\/a>&#8222;<\/h5>\n<h5>Streben Sie ein konkretes Projekt an, dann greifen\u00a0Sie\u00a0direkt\u00a0zum H\u00f6rer:<\/h5>\n<h5><strong>+49 (0) 2631 862187 oder schreiben\u00a0<\/strong><strong>Sie\u00a0<\/strong><strong>an\u00a0<\/strong><strong>opala (at) werbetexte.org<\/strong>.<\/h5>\n<p>&nbsp;<\/p>\n<h5><strong>Meine Garantie:<\/strong> Sie bekommen echte Wertarbeit\u00a0direkt und ohne Zwischenhandel zu absolut fairen Konditionen inklusive meiner<\/h5>\n<h5><strong>100% Zufriedenheits-Garantie.<\/strong><\/h5>\n<h5><\/h5>\n<h5>Das hei\u00dft: <strong>Sollten Sie aus\u00a0<\/strong><strong>irgendeinem Grund\u00a0<\/strong><strong>nicht 100% zufrieden\u00a0<\/strong><strong>sein, dann feile ich solange\u00a0<\/strong><strong>an Ihrem Text, bis Sie 100%<\/strong><\/h5>\n<h5><strong>zufrieden sind &#8211;\u00a0<\/strong><strong>ohne wenn und aber.<\/strong><\/h5>\n<h5><\/h5>\n<h5>95% meiner Kunden sind schon vom Erstentwurf\u00a0begeistert, so dass, wenn \u00fcberhaupt, nur kleine \u00c4nderungen oder Erg\u00e4nzungen n\u00f6tig sind.<\/h5>\n<h5><\/h5>\n<h5>F\u00fcr Sie bedeutet das: <strong>Sie gehen Null\u00a0<\/strong><strong>Risiko ein\u00a0<\/strong><strong>und stehen immer auf\u00a0<\/strong><strong>der sicheren Seite<\/strong>, wenn Sie mir den Auftrag erteilen.<\/h5>\n<h5><\/h5>\n<h5>Verlassen Sie sich drauf.<\/h5>\n<h5>PPS:<\/h5>\n<h5>Leistung: 4-, 8-, 16seitige Print- und Stand -Alone-Mailings, Magalogs, Newsletter, suchmaschinenoptimierte Texte, Landing- und Squezzepages.<\/h5>\n<h5>Und noch etwas: Haben Sie ein \u201cschwieriges Produkt\u201d (Gesundheits-, Finanzbereich) und Sie m\u00f6chten rechtlich auf der sicheren Seite stehen, dann wird Ihnen\u00a0Dr. Omsels gerne weiter helfen.<\/h5>\n<h5>Er ist Fachanwalt f\u00fcr Urheberrecht, Wettbewerbsrecht, Markenrecht, Geschmacksmusterrecht, Patent- und Gebrauchsmusterrecht, Multimediarecht\/IT-Recht und Partner der Anwaltssoziet\u00e4t Hertin aus Berlin.<\/h5>\n","protected":false},"excerpt":{"rendered":"<p>Bernfried Opala Human-Copywriting seit 2003 &#8222;Das Geheimnis von Human-Copywriting in hypnotischen Verkaufstexten&#8220; &nbsp; 47 Jahre vor unserer Zeitrechnung: Julius C\u00e4sar siegte \u00fcber Pharnakes II. von Pontus bei der Schlacht bei Zela. Er schrieb v\u00f6llig begeistert an seinen Freund Amintus: Veni, vidi, vici (lat.): \u201eIch kam, ich sah, ich siegte\u201c. \u00a0 \u201eHaben Ihre Verkaufstexte auch schon [&hellip;]<\/p>\n","protected":false},"author":1,"featured_media":0,"parent":0,"menu_order":1,"comment_status":"open","ping_status":"open","template":"page-full.php","meta":{"footnotes":""},"class_list":["post-7","page","type-page","status-publish","hentry"],"_links":{"self":[{"href":"https:\/\/www.hypnotische-verkaufstexte.de\/index.php?rest_route=\/wp\/v2\/pages\/7","targetHints":{"allow":["GET"]}}],"collection":[{"href":"https:\/\/www.hypnotische-verkaufstexte.de\/index.php?rest_route=\/wp\/v2\/pages"}],"about":[{"href":"https:\/\/www.hypnotische-verkaufstexte.de\/index.php?rest_route=\/wp\/v2\/types\/page"}],"author":[{"embeddable":true,"href":"https:\/\/www.hypnotische-verkaufstexte.de\/index.php?rest_route=\/wp\/v2\/users\/1"}],"replies":[{"embeddable":true,"href":"https:\/\/www.hypnotische-verkaufstexte.de\/index.php?rest_route=%2Fwp%2Fv2%2Fcomments&post=7"}],"version-history":[{"count":180,"href":"https:\/\/www.hypnotische-verkaufstexte.de\/index.php?rest_route=\/wp\/v2\/pages\/7\/revisions"}],"predecessor-version":[{"id":353,"href":"https:\/\/www.hypnotische-verkaufstexte.de\/index.php?rest_route=\/wp\/v2\/pages\/7\/revisions\/353"}],"wp:attachment":[{"href":"https:\/\/www.hypnotische-verkaufstexte.de\/index.php?rest_route=%2Fwp%2Fv2%2Fmedia&parent=7"}],"curies":[{"name":"wp","href":"https:\/\/api.w.org\/{rel}","templated":true}]}}